{"id":60,"date":"2020-04-23T08:25:17","date_gmt":"2020-04-22T23:25:17","guid":{"rendered":"https:\/\/hyperion-tokyo.test-kazurou147.biz\/vi\/?page_id=60"},"modified":"2025-07-31T11:10:02","modified_gmt":"2025-07-31T02:10:02","slug":"company","status":"publish","type":"page","link":"https:\/\/hyperion-tokyo.test-kazurou147.biz\/vi\/company\/","title":{"rendered":"\u4f1a\u793e\u6848\u5185"},"content":{"rendered":"<div class=\"num-content num-content-company num-mb-pc48px num-mb-sp24px\">\n<!-- h2 class=\"num-h2 num-h2-02 num-text-pc-center\">\u4ee3\u8868\u6328\u62f6<\/h2 -->\n<div class=\"num-contents-box num-contents-box-01 num-mb-pc128px num-mb-sp24px\">\n<p class=\"num-p num-p-01 num-mb-pc0px num-mb-sp0px\"><strong>T\u00ean c\u00f4ng ty c\u1ee7a ch\u00fang t\u00f4i l\u00e0 \u201cHyperion Tokyo\u201d, trong \u0111\u00f3 \u201cHyperion\u201d l\u00e0 t\u00ean c\u1ee7a th\u1ea7n m\u1eb7t tr\u1eddi trong th\u1ea7n tho\u1ea1i Hy L\u1ea1p.<br \/>\nM\u1eb7t tr\u1eddi l\u00e0 m\u1ed9t v\u1ecb th\u1ea7n t\u1ef1 nhi\u00ean m\u1ecdc l\u00ean t\u1eeb ph\u00eda \u0111\u00f4ng v\u00e0o bu\u1ed5i s\u00e1ng v\u00e0 l\u1eb7n \u1edf ph\u00eda t\u00e2y v\u00e0o bu\u1ed5i t\u1ed1i m\u1ed7i ng\u00e0y \u0111\u1ec3 mang l\u1ea1i ph\u01b0\u1edbc l\u00e0nh cho tr\u00e1i \u0111\u1ea5t, v\u00e0 \u0111\u01b0\u1ee3c cho l\u00e0 m\u1ed9t v\u1ecb th\u1ea7n \u1ea3nh h\u01b0\u1edfng l\u1edbn \u0111\u1ebfn cu\u1ed9c s\u1ed1ng c\u1ee7a con ng\u01b0\u1eddi s\u1ed1ng trong t\u1ef1 nhi\u00ean.<br \/>\nCh\u00fang t\u00f4i \u0111\u1eb7t ra mong mu\u1ed1n m\u1ea1nh m\u1ebd l\u00e0 \u201ctr\u1edf th\u00e0nh m\u1ed9t s\u1ef1 t\u1ed3n t\u1ea1i kh\u00f4ng th\u1ec3 thi\u1ebfu \u0111\u1ed1i v\u1edbi con ng\u01b0\u1eddi tr\u00ean th\u1ebf gi\u1edbi\u201d nh\u01b0 th\u1ea7n m\u1eb7t tr\u1eddi v\u00e0 \u0111\u00e2y m\u1ed9t \u01b0\u1edbc m\u01a1 l\u1edbn c\u1ee7a ch\u00fang t\u00f4i.<br \/>\nCh\u00fang t\u00f4i, v\u1edbi t\u01b0 c\u00e1ch l\u00e0 m\u1ed9t doanh nghi\u1ec7p s\u1ebd l\u00e0m vi\u1ec7c v\u00ec s\u1ef1 h\u00e0i h\u00f2a, c\u00f9ng t\u1ed3n t\u1ea1i v\u00e0 ph\u00e1t tri\u1ec3n \u0111\u1ec3 gi\u1ea3i quy\u1ebft b\u00e0i to\u00e1n m\u00e2u thu\u1eabn gi\u1eefa n\u0103ng l\u01b0\u1ee3ng x n\u1ec1n kinh t\u1ebf, con ng\u01b0\u1eddi x m\u00f4i tr\u01b0\u1eddng, \u0111\u00e2y \u0111ang v\u00e0 c\u00f3 l\u1ebd s\u1ebd m\u00e3i l\u00e0 m\u1ed9t b\u00e0i to\u00e1n c\u1ea7n gi\u1ea3i quy\u1ebft. Ch\u00fang t\u00f4i th\u1ef1c s\u1ef1 mong mu\u1ed1n c\u00f3 th\u1ec3 ti\u1ebfp t\u1ee5c t\u1ed3n t\u1ea1i nh\u01b0 m\u1eb7t tr\u1eddi m\u00e0 m\u1ecdi ng\u01b0\u1eddi \u0111\u1ec1u c\u1ea7n.<br \/>\nCh\u1eef \u201cTokyo\u201d trong \u201cHyperion Tokyo\u201d l\u00e0 m\u1ed9t th\u01b0\u01a1ng hi\u1ec7u l\u1edbn tr\u00ean th\u1ebf gi\u1edbi, ch\u00fang t\u00f4i t\u1ef1 h\u00e0o r\u1eb1ng ch\u00fang t\u00f4i l\u00e0 th\u01b0\u01a1ng hi\u1ec7u Nh\u1eadt B\u1ea3n Made in Tokyo\/ Made in Japan, v\u00e0 mong mu\u1ed1n \u0111\u1ea9y m\u1ea1nh vi\u1ec7c m\u1edf r\u1ed9ng kinh doanh ra n\u01b0\u1edbc ngo\u00e0i.<\/strong><\/p>\n<p><!-- p class=\"num-p num-p-02 num-text-pc-right\"><span class=\"num-small\"><span style=\"font-size: 14px;\">\u4ee3\u8868\u53d6\u7de0\u5f79\u793e\u9577 \u517c CEO<\/span><strong>\u3000\u9234\u6728 \u52dd\u5f66<\/strong><\/span><\/p -->\n<\/div>\n<div class=\"p-page-heading\">\n<h2 class=\"p-page-heading__big\">PROFILE<\/h2>\n<p class=\"p-page-heading__small\">H\u1ed3 s\u01a1 c\u00f4ng ty<\/p>\n<\/div>\n<ul class=\"num-ul num-ul-01\">\n<li style=\"list-style-type: none;\">\n<ul class=\"num-ul num-ul-01\">\n<li style=\"list-style-type: none;\"><\/li>\n<\/ul>\n<\/li>\n<\/ul>\n<ul class=\"num-ul num-ul-01\">\n<li style=\"list-style-type: none;\"><\/li>\n<\/ul>\n<div class=\"s_table\"><table class=\"num-table num-2column-table num-2column-table-01 num-responsive-table num-mb-pc96px num-mb-sp64px\">\n<tbody>\n<tr>\n<th class=\"num-th num-th-01 num-responsive-th\">T\u00ean c\u00f4ng ty<\/th>\n<td class=\"num-td num-td-01 num-responsive-td\">Hyperion Tokyo Inc.<\/td>\n<\/tr>\n<tr>\n<th class=\"num-th num-th-01 num-responsive-th\">\u0110\u1ecba ch\u1ec9 tr\u1ee5 s\u1edf ch\u00ednh<\/th>\n<td class=\"num-td num-td-01 num-responsive-td\">\n        T\u1ea7ng 11, T\u00f2a nh\u00e0 Kishimoto, 2-2-1 Marunouchi, Chiyoda-ku, Tokyo\n      <\/td>\n<\/tr>\n<tr>\n<th class=\"num-th num-th-01 num-responsive-th\">Ch\u1ee7 t\u1ecbch ki\u00eam Gi\u00e1m \u0111\u1ed1c \u0111i\u1ec1u h\u00e0nh<\/th>\n<td class=\"num-td num-td-01 num-responsive-td\">Katsuhiko Suzuki<\/td>\n<\/tr>\n<tr>\n<th class=\"num-th num-th-01 num-responsive-th\">S\u1ed1 \u0111i\u1ec7n tho\u1ea1i \u0111\u1ea1i di\u1ec7n<\/th>\n<td class=\"num-td num-td-01 num-responsive-td\"><a href=\"tel:81362560998\">\uff0b81 3 6256 0998<\/a><\/td>\n<\/tr>\n<tr>\n<th class=\"num-th num-th-01 num-responsive-th\">Lu\u1eadt s\u01b0 t\u01b0 v\u1ea5n c\u1ee7a c\u00f4ng ty<\/th>\n<td class=\"num-td num-td-01 num-responsive-td\">V\u0103n ph\u00f2ng lu\u1eadt s\u01b0 OH-EBASHI<\/td>\n<\/tr>\n<tr>\n<th class=\"num-th num-th-01 num-responsive-th\">C\u1ed1 v\u1ea5n thu\u1ebf c\u1ee7a c\u00f4ng ty<\/th>\n<td class=\"num-td num-td-01 num-responsive-td\">Ph\u00f2ng k\u1ebf to\u00e1n thu\u1ebf voltage<\/td>\n<\/tr>\n<tr>\n<th class=\"num-th num-th-01 num-responsive-th\">T\u1eadp \u0111o\u00e0n Hyperion Tokyo<\/th>\n<td class=\"num-td num-td-01 num-responsive-td\">\n<ul class=\"num-ul num-ul-01\">\n<li class=\"num-li num-li-01\"><a href=\"https:\/\/www.hyperion-agent.tokyo\/\" target=\"_blank\" rel=\"noopener noreferrer\">Hyperion Tokyo Agent Inc.<\/a>\u3000\u3000\u3000<a href=\"https:\/\/kronos.ne.jp\/\" target=\"_blank\" rel=\"noopener noreferrer\">Kronos Inc.<\/a><\/li>\n<li class=\"num-li num-li-01\"><a href=\"https:\/\/www.hyperion-yen.com\/\" target=\"_blank\" rel=\"noopener noreferrer\">Hyperion Yen trading Inc.<\/a><\/li>\n<li class=\"num-li num-li-01\"><a href=\"https:\/\/www.vietnamwafer.jp\/ja\" target=\"_blank\" rel=\"noopener noreferrer\">Virtnam Wafer Japan LLC<\/a><\/li>\n<li class=\"num-li num-li-01\">Helios LLC\u3000\u3000\u3000Selene LLC<\/li>\n<li class=\"num-li num-li-03\">Eos LLC\u3000\u3000\u3000  &nbsp;&nbsp;&nbsp;&nbsp;Phosphoros LLC<\/li>\n<li class=\"num-li num-li-04\">Hesperos LLC\u3000  &nbsp;Astraios LLC<\/li>\n<\/ul>\n<\/td>\n<\/tr>\n<tr>\n<th class=\"num-th num-th-01 num-responsive-th\">C\u00e1c c\u00f4ng ty li\u00ean k\u1ebft<\/th>\n<td class=\"num-td num-td-01 num-responsive-td\"><a href=\"https:\/\/www.vietnamwafer.com\/\" target=\"_blank\" rel=\"noopener noreferrer\">Vietnam Wafer Joint Stock Company<\/a><\/td>\n<\/tr>\n<tr>\n<th class=\"num-th num-th-01 num-responsive-th\">Gi\u1ea5y ph\u00e9p \/ \u0110\u0103ng k\u00fd \/ Gi\u1ea5y ph\u00e9p<\/th>\n<td class=\"num-td num-td-01 num-responsive-td\">\n<p class=\"mb10\">Contractor of ordinary license<br \/>\n          Minister of Land, Infrastructure, Transport and Tourism\u2019s permit<br \/>\n          License No.\uff08ordinary\uff0d3\uff0928137<\/p>\n<p class=\"mb10\">Electrician business<br \/>\n          Minister of Economy, Trade and Industry\u2019s permit<br \/>\n          License No. 2021013<\/p>\n<p class=\"mb10\">Residential land and building transaction business<br \/>\n          Tokyo Governor\u2019s permit<br \/>\n          License No.(1) 105046<\/p>\n<p class=\"mb10\">Charged Employment Placement Businesses<br \/>\n          Minister of Health, Labor and Welfare\u2019s permit<br \/>\n          License No.13\uff0d\u30e6\uff0d311961<\/p>\n<p class=\"mb0\">Secondhand dealer permit<br \/>\n          Tokyo Metropolitan Public Safety Commission\u2019s permit<br \/>\n          License No.301012115281<\/p>\n<\/td>\n<\/tr>\n<tr>\n<th class=\"num-th num-th-01 num-responsive-th\">T\u1ed5 ch\u1ee9c th\u00e0nh vi\u00ean<\/th>\n<td class=\"num-td num-td-01 num-responsive-td\">\n<p class=\"mb10\">Public Interest Incorporated Association Building Lots and Buildings Transaction Guarantee Association<br \/>\n          (<a href=\"https:\/\/www.hosyo.or.jp\/\" target=\"_blank\">https:\/\/www.hosyo.or.jp\/<\/a>)<\/p>\n<p class=\"mb10\">Tokyo Chamber of Commerce and Industry<br \/>\n          (<a href=\"https:\/\/www.hosyo.or.jp\/\" target=\"_blank\">https:\/\/www.hosyo.or.jp\/<\/a>)<\/p>\n<p class=\"mb10\">Japan Woody Bioenergy Association<br \/>\n          (<a href=\"https:\/\/jwba.or.jp\/\" target=\"_blank\">https:\/\/jwba.or.jp\/<\/a>)<\/p>\n<p class=\"mb10\">General Incorporated Association JIMA<br \/>\n          (<a href=\"http:\/\/www.jima.gr.jp\/\" target=\"_blank\">http:\/\/www.jima.gr.jp\/<\/a>)<\/p>\n<p class=\"mb0\">The Shibusawa Eiichi Memorial Foundation<br \/>\n          (<a href=\"https:\/\/www.shibusawa.or.jp\/\" target=\"_blank\">https:\/\/www.shibusawa.or.jp\/<\/a>)<\/p>\n<\/td>\n<\/tr>\n<\/tbody>\n<\/table><\/div>\n<div class=\"num-contents-box num-contents-box-01 num-mb-pc128px num-mb-sp96px\"><iframe src=\"https:\/\/www.google.com\/maps\/embed?pb=!1m18!1m12!1m3!1d405.10963048849845!2d139.7617027972237!3d35.680029427426!2m3!1f0!2f0!3f0!3m2!1i1024!2i768!4f13.1!3m3!1m2!1s0x60188bf74e05284b%3A0xe03db3bb1156d5ef!2z44CSMTAwLTAwMDUg5p2x5Lqs6YO95Y2D5Luj55Sw5Yy65Li444Gu5YaF77yS5LiB55uu77ySIOWyuOacrOODk-ODq-ODguODs-OCsA!5e0!3m2!1sja!2sjp!4v1744696860561!5m2!1svi!2sjp\" width=\"100%\" height=\"450\" style=\"border:0;\" allowfullscreen=\"\" loading=\"lazy\" referrerpolicy=\"no-referrer-when-downgrade\"><\/iframe><\/div>\n<\/div>\n","protected":false},"excerpt":{"rendered":"T\u00ean c\u00f4ng ty c\u1ee7a ch\u00fang t\u00f4i l\u00e0 \u201cHyperion Tokyo\u201d, trong \u0111\u00f3 \u201cHyperion\u201d l\u00e0 t\u00ean c\u1ee7a th\u1ea7n m\u1eb7t tr\u1eddi trong th\u1ea7n tho\u1ea1i Hy L\u1ea1p. M\u1eb7t tr\u1eddi l\u00e0 m\u1ed9t v\u1ecb th\u1ea7n t\u1ef1 nhi\u00ean m\u1ecdc l\u00ean t\u1eeb ph\u00eda \u0111\u00f4ng v\u00e0o bu\u1ed5i s\u00e1ng v\u00e0 l\u1eb7n \u1edf ph\u00eda t\u00e2y v\u00e0o bu\u1ed5i t\u1ed1i m\u1ed7i ng\u00e0y \u0111\u1ec3 mang l\u1ea1i ph\u01b0\u1edbc l\u00e0nh cho tr\u00e1i \u0111\u1ea5t, v\u00e0 \u0111\u01b0\u1ee3c cho l\u00e0 m\u1ed9t v\u1ecb th\u1ea7n \u1ea3nh h\u01b0\u1edfng l\u1edbn \u0111\u1ebfn cu\u1ed9c s\u1ed1ng c\u1ee7a con ng\u01b0\u1eddi s\u1ed1ng trong t\u1ef1 nhi\u00ean. Ch\u00fang t\u00f4i \u0111\u1eb7t ra mong mu\u1ed1n m\u1ea1nh m\u1ebd l\u00e0 \u201ctr\u1edf th\u00e0nh m\u1ed9t s\u1ef1 t\u1ed3n t\u1ea1i kh\u00f4ng th\u1ec3 thi\u1ebfu \u0111\u1ed1i v\u1edbi con ng\u01b0\u1eddi tr\u00ean...","protected":false},"author":3,"featured_media":0,"parent":0,"menu_order":8,"comment_status":"closed","ping_status":"closed","template":"","meta":{"footnotes":""},"class_list":["post-60","page","type-page","status-publish","hentry"],"aioseo_notices":[],"_links":{"self":[{"href":"https:\/\/hyperion-tokyo.test-kazurou147.biz\/vi\/wp-json\/wp\/v2\/pages\/60","targetHints":{"allow":["GET"]}}],"collection":[{"href":"https:\/\/hyperion-tokyo.test-kazurou147.biz\/vi\/wp-json\/wp\/v2\/pages"}],"about":[{"href":"https:\/\/hyperion-tokyo.test-kazurou147.biz\/vi\/wp-json\/wp\/v2\/types\/page"}],"author":[{"embeddable":true,"href":"https:\/\/hyperion-tokyo.test-kazurou147.biz\/vi\/wp-json\/wp\/v2\/users\/3"}],"replies":[{"embeddable":true,"href":"https:\/\/hyperion-tokyo.test-kazurou147.biz\/vi\/wp-json\/wp\/v2\/comments?post=60"}],"version-history":[{"count":115,"href":"https:\/\/hyperion-tokyo.test-kazurou147.biz\/vi\/wp-json\/wp\/v2\/pages\/60\/revisions"}],"predecessor-version":[{"id":1965,"href":"https:\/\/hyperion-tokyo.test-kazurou147.biz\/vi\/wp-json\/wp\/v2\/pages\/60\/revisions\/1965"}],"wp:attachment":[{"href":"https:\/\/hyperion-tokyo.test-kazurou147.biz\/vi\/wp-json\/wp\/v2\/media?parent=60"}],"curies":[{"name":"wp","href":"https:\/\/api.w.org\/{rel}","templated":true}]}}