{"id":167,"date":"2020-05-22T16:44:28","date_gmt":"2020-05-22T07:44:28","guid":{"rendered":"https:\/\/hyperion-tokyo.test-kazurou147.biz\/vi\/?page_id=167"},"modified":"2025-07-30T23:49:37","modified_gmt":"2025-07-30T14:49:37","slug":"energy","status":"publish","type":"page","link":"https:\/\/hyperion-tokyo.test-kazurou147.biz\/vi\/energy\/","title":{"rendered":"\u518d\u751f\u53ef\u80fd\u30a8\u30cd\u30eb\u30ae\u30fc"},"content":{"rendered":"<div class=\"u-mb30 u-pt50\">\n<div class=\"u-mb50\">\n<div class=\"p-page-heading\">\n<h2 class=\"p-page-heading__big\">Renewable energy<\/h2>\n<p class=\"p-page-heading__small\">N\u0103ng l\u01b0\u1ee3ng t\u00e1i t\u1ea1o<\/p>\n<\/p><\/div>\n<\/p><\/div>\n<h2 class=\"c-page-heading\">\n    Nh\u00e2n lo\u1ea1i v\u00e0 N\u0103ng l\u01b0\u1ee3ng: Qu\u00e1 kh\u1ee9 v\u00e0 T\u01b0\u01a1ng lai<br \/>\n  <\/h2>\n<div class=\"u-mb100\">\n<p class=\"u-font18 u-font16--sp\">\n    M\u1ed1i quan h\u1ec7 gi\u1eefa con ng\u01b0\u1eddi v\u00e0 n\u0103ng l\u01b0\u1ee3ng \u0111\u01b0\u1ee3c cho l\u00e0 b\u1eaft \u0111\u1ea7u t\u1eeb kho\u1ea3ng 500.000 n\u0103m tr\u01b0\u1edbc khi con ng\u01b0\u1eddi b\u1eaft \u0111\u1ea7u s\u1eed d\u1ee5ng l\u1eeda b\u1eb1ng c\u1ee7i, v.v\u2026\n  <\/p>\n<p class=\"u-font18 u-font16--sp\">\n    Sau \u0111\u00f3, nh\u00e2n lo\u1ea1i b\u01b0\u1edbc v\u00e0o cu\u1ed9c c\u00e1ch m\u1ea1ng c\u00f4ng nghi\u1ec7p th\u1ebf k\u1ef7 18 v\u1edbi vi\u1ec7c s\u1eed d\u1ee5ng r\u1ed9ng r\u00e3i \u0111\u1ed9ng c\u01a1 h\u01a1i n\u01b0\u1edbc v\u1edbi ngu\u1ed3n n\u0103ng l\u01b0\u1ee3ng l\u00e0 than, v\u00e0 trong th\u1ebf k\u1ef7 21 hi\u1ec7n nay, vi\u1ec7c s\u1eed d\u1ee5ng n\u0103ng l\u01b0\u1ee3ng t\u1eeb n\u0103ng l\u01b0\u1ee3ng h\u1ea1t nh\u00e2n v\u00e0 d\u1ea7u m\u1ecf \u0111\u00e3 tr\u1edf n\u00ean ph\u1ed5 bi\u1ebfn, m\u1ee9c ti\u00eau th\u1ee5 n\u0103ng l\u01b0\u1ee3ng c\u1ee7a con ng\u01b0\u1eddi ng\u00e0y c\u00e0ng t\u0103ng m\u1ed9t c\u00e1ch \u0111\u1ed9t bi\u1ebfn c\u00f9ng v\u1edbi s\u1ef1 ph\u00e1t tri\u1ec3n c\u1ee7a nh\u00e2n lo\u1ea1i, ng\u01b0\u1eddi ta d\u1ef1 \u0111o\u00e1n r\u1eb1ng m\u1ee9c ti\u00eau th\u1ee5 n\u0103ng l\u01b0\u1ee3ng to\u00e0n c\u1ea7u v\u00e0o n\u0103m 2030 s\u1ebd \u0111\u1ea1t x\u1ea5p x\u1ec9 g\u1ea5p \u0111\u00f4i n\u0103m 1990. M\u1eb7t kh\u00e1c, do \u1ea3nh h\u01b0\u1edfng c\u1ee7a vi\u1ec7c s\u1eed d\u1ee5ng n\u0103ng l\u01b0\u1ee3ng \u0111\u00f3, m\u00f4i tr\u01b0\u1eddng to\u00e0n c\u1ea7u ti\u1ebfp t\u1ee5c x\u1ea5u \u0111i, g\u00e2y ra s\u1ef1 bi\u1ebfn \u0111\u1ed5i kh\u00ed h\u1eadu kh\u00f3 l\u01b0\u1eddng.\n  <\/p>\n<p class=\"u-font18 u-font16--sp\">Ti\u1ebfn s\u0129 n\u1ed5i ti\u1ebfng Stephen Hawking \u0111\u00e3 ch\u1ec9 ra r\u1eb1ng \u201cS\u1ef1 n\u00f3ng l\u00ean c\u1ee7a tr\u00e1i \u0111\u1ea5t \u0111ang ti\u1ebfn g\u1ea7n \u0111\u1ebfn m\u1ed9t \u0111i\u1ec3m ngo\u1eb7t kh\u00f4ng th\u1ec3 quay ng\u01b0\u1ee3c tr\u1edf l\u1ea1i\u201d, v\u00e0 \u00f4ng d\u1ef1 \u0111o\u00e1n r\u1eb1ng trong v\u00f2ng 100 n\u0103m, m\u00f4i tr\u01b0\u1eddng tr\u00e1i \u0111\u1ea5t s\u1ebd tr\u1edf n\u00ean kh\u1eafc nghi\u1ec7t nh\u01b0 Sao Kim, v\u1edbi nhi\u1ec7t \u0111\u1ed9 t\u0103ng l\u00ean 250 \u0111\u1ed9 C v\u00e0 c\u00f3 m\u01b0a axit sunfuric.<\/p>\n<p class=\"u-font18 u-font16--sp\">V\u1edbi t\u1ea5t c\u1ea3 nh\u1eefng g\u00ec ch\u00fang ta c\u00f3 th\u1ec3 l\u00e0m \u0111\u01b0\u1ee3c hi\u1ec7n nay, ch\u00fang t\u00f4i ti\u1ebfp t\u1ee5c \u0111\u01b0a ra c\u00e2u h\u1ecfi r\u1eb1ng ph\u01b0\u01a1ng ph\u00e1p t\u1ed1t nh\u1ea5t \u0111\u1ec3 li\u00ean h\u1ec7 s\u1ef1 ph\u00e1t tri\u1ec3n c\u1ee7a con ng\u01b0\u1eddi v\u1edbi n\u0103ng l\u01b0\u1ee3ng l\u00e0 g\u00ec, ti\u1ebfp t\u1ee5c tuy\u00ean truy\u1ec1n t\u1edbi m\u1ecdi ng\u01b0\u1eddi r\u1eb1ng n\u0103ng l\u01b0\u1ee3ng c\u00f3 th\u1ec3 \u0111\u01b0\u1ee3c t\u00e1i t\u1ea1o, ph\u1ea3i th\u00e2n thi\u1ec7n v\u1edbi tr\u00e1i \u0111\u1ea5t v\u00e0 mang t\u00ednh b\u1ec1n v\u1eefng.<\/p>\n<\/div>\n<div class=\"u-mb30\">\n<h2 class=\"c-page-heading\">\n    \u30a8\u30cd\u30eb\u30ae\u30fc\u81ea\u7d66\u7387\u306e\u4e0d\u90fd\u5408\u306a\u771f\u5b9f<br \/>\n  <\/h2>\n<h3>\u30a8\u30cd\u30eb\u30ae\u30fc\u81ea\u7d66\u7387\u304cOECD\uff08\u7d4c\u6e08\u5354\u529b\u958b\u767a\u6a5f\u69cb\uff09\u8af8\u56fd\u300138\u304b\u56fd\u4e2d37\u4f4d\u306e\u65e5\u672c<\/h3>\n<\/div>\n<div class=\"c-block01 p-energy-block00 u-mb80\">\n<p class=\"c-block01__img\">\n    <img src='https:\/\/hyperion-tokyo.test-kazurou147.biz\/vi\/wp-content\/themes\/nano_tcd065-child\/img\/energy\/energy-img01.png' alt='\u30a8\u30cd\u30eb\u30ae\u30fc\u81ea\u7d66\u7387\u306e\u4e0d\u90fd\u5408\u306a\u771f\u5b9f'>\n  <\/p>\n<div class=\"c-block01__content\">\n<p class=\"u-font18 u-font16--sp\">\n      \u77f3\u6cb9\u3084\u5929\u7136\u30ac\u30b9\u306a\u3069\u306e\u8cc7\u6e90\u306b\u4e4f\u3057\u3044\u65e5\u672c\u306f\u30a8\u30cd\u30eb\u30ae\u30fc\/\u81ea\u7d66\u7387\u304c\u4f4e\u304f2021\u5e7413.3\uff05\uff08\u203b2024\u5e74\u306f\u300112.6\uff05\uff09\n    <\/p>\n<p class=\"u-font18 u-font16--sp\">\n      \u30b7\u30fc\u30ec\u30fc\u30f3\u3067\u6709\u4e8b\u304c\u8d77\u304d\u305f\u969b\u3001\u65e5\u5e38\u306e\u751f\u6d3b\u306b\u5927\u304d\u306a\u652f\u969c\u3092\u304d\u305f\u3059\u306e\u306f\u3082\u3061\u308d\u3093\u306e\u4e8b\u3001\u65e5\u672c\u7d4c\u6e08\u304c\u5d29\u58ca\u3059\u308b\u306e\u306f\u3001\u706b\u3092\u898b\u308b\u3088\u308a\u660e\u3089\u304b\u3067\u3042\u308b\u3002\n    <\/p>\n<p class=\"u-font18 u-font16--sp\">\n      \u8cc7\u6e90\u306e\u306a\u3044\u56fd\u306f\u3001\u3069\u306e\u30a8\u30cd\u30eb\u30ae\u30fc\u3092\u9078\u629e\u3059\u308b<br \/>\u3053\u3068\u304c\u6b63\u3057\u3044\u306e\u304b\uff1f\n    <\/p>\n<\/p><\/div>\n<\/div>\n<div class=\"u-mb30\">\n<h2 class=\"c-page-heading\">\n    Khu v\u1ef1c kinh doanh<br \/>\n  <\/h2>\n<\/div>\n<div class=\"c-block02 p-energy-block01 u-mb60\">\n<div class=\"c-block02__content\">\n<p>Trong n\u01b0\u1edbc<\/p>\n<ul>\n<li>H\u1ed7 tr\u1ee3, t\u01b0 v\u1ea5n huy \u0111\u1ed9ng v\u1ed1n<\/li>\n<li>Th\u01b0\u01a1ng l\u01b0\u1ee3ng, l\u1ef1a ch\u1ecdn \u0111\u1ea5t \u0111ai<\/li>\n<li>H\u1ed7 tr\u1ee3 \/ t\u01b0 v\u1ea5n \u0111\u1ec3 t\u1ed1i \u0111a h\u00f3a vi\u1ec7c mua s\u1eafm v\u1eadt li\u1ec7u n\u0103ng l\u01b0\u1ee3ng m\u1eb7t tr\u1eddi \/ gi\u00f3 v\u00e0 gi\u1ea3m chi ph\u00ed<\/li>\n<li>H\u1ed7 tr\u1ee3 bu\u1ed5i h\u1ecdp gi\u1ea3i th\u00edch trong khu ph\u1ed1<\/li>\n<li>\u0110\u0103ng k\u00fd, th\u01b0\u01a1ng l\u01b0\u1ee3ng, h\u1ecdp v\u1edbi C\u00f4ng ty \u0111i\u1ec7n l\u1ef1c<\/li>\n<li>H\u1ed7 tr\u1ee3 \/ t\u01b0 v\u1ea5n \u0111\u1ec3 t\u1ed1i \u0111a h\u00f3a vi\u1ec7c mua s\u1eafm v\u1eadt li\u1ec7u n\u0103ng l\u01b0\u1ee3ng m\u1eb7t tr\u1eddi \/ gi\u00f3 v\u00e0 gi\u1ea3m chi ph\u00ed<\/li>\n<li>\u0110\u1ea5t n\u00f4ng nghi\u1ec7p, \u0111\u0103ng k\u00fd chuy\u1ec3n \u0111\u1ed5i t\u1ea1m th\u1eddi, h\u1ed7 tr\u1ee3 \u0111\u0103ng k\u00fd c\u00e1c lo\u1ea1i th\u1ee7 t\u1ee5c h\u00e0nh ch\u00ednh li\u00ean quan<\/li>\n<li>\u0110\u0103ng k\u00fd v\u00e0 xin c\u1ea5p ph\u00e9p t\u1ea1i c\u00e1c c\u01a1 quan h\u00e0nh ch\u00ednh kh\u00e1c<\/li>\n<\/ul><\/div>\n<p class=\"c-block02__img p-energy-block01__img\">\n    <img src='https:\/\/hyperion-tokyo.test-kazurou147.biz\/vi\/wp-content\/themes\/nano_tcd065-child\/img\/energy\/energy-img02.png' alt='\u56fd\u5185'>\n  <\/p>\n<\/div>\n<div class=\"c-block02 p-energy-block01 p-energy-block01--green u-mb100\">\n<div class=\"c-block02__content\">\n<p>\u0110\u1ea5t n\u01b0\u1edbc vi\u1ec7t nam<\/p>\n<ul>\n<li>H\u1ed7 tr\u1ee3, t\u01b0 v\u1ea5n huy \u0111\u1ed9ng v\u1ed1n<\/li>\n<li>Th\u01b0\u01a1ng l\u01b0\u1ee3ng, l\u1ef1a ch\u1ecdn \u0111\u1ea5t \u0111ai<\/li>\n<li>H\u1ed7 tr\u1ee3 \/ t\u01b0 v\u1ea5n \u0111\u1ec3 t\u1ed1i \u0111a h\u00f3a vi\u1ec7c mua s\u1eafm v\u1eadt li\u1ec7u n\u0103ng l\u01b0\u1ee3ng m\u1eb7t tr\u1eddi \/ gi\u00f3 v\u00e0 gi\u1ea3m chi ph\u00ed<\/li>\n<li>Gi\u1ea5y ch\u1ee9ng nh\u1eadn \u0111\u0103ng k\u00fd \u0111\u1ea7u t\u01b0<\/li>\n<li>Gi\u1ea5y ch\u1ee9ng nh\u1eadn \u0111\u0103ng k\u00fd doanh nghi\u1ec7p<\/li>\n<li>\u0110\u00e0m ph\u00e1n \/ h\u1ecdp v\u1edbi T\u1ec9nh \/ \u1ee6y ban Nh\u00e2n d\u00e2n<\/li>\n<li>\u0110\u01a1n \/ Gi\u1ea5y ph\u00e9p cho B\u1ed9 C\u00f4ng nghi\u1ec7p<\/li>\n<li>\u0110\u0103ng k\u00fd, xin c\u1ea5p ph\u00e9p t\u1ea1i C\u00f4ng ty \u0111i\u1ec7n l\u1ef1c<\/li>\n<li>\u0110\u0103ng k\u00fd v\u00e0 xin c\u1ea5p ph\u00e9p t\u1ea1i c\u00e1c c\u01a1 quan h\u00e0nh ch\u00ednh kh\u00e1c<\/li>\n<\/ul><\/div>\n<p class=\"c-block02__img p-energy-block01__img\">\n    <img src='https:\/\/hyperion-tokyo.test-kazurou147.biz\/vi\/wp-content\/themes\/nano_tcd065-child\/img\/energy\/energy-img03.png' alt='\u30d9\u30c8\u30ca\u30e0\u56fd\u3000\u5b9f\u7e3e'>\n  <\/p>\n<\/div>\n<div class=\"c-cpa-list02\">\n<div class=\"c-cpa-list02__item\">\n    <a class=\"c-cpa-list02__link\" href=\"\/vi\/support\/\"><\/p>\n<p class=\"c-cpa-list02__img\">\n        <img src='https:\/\/hyperion-tokyo.test-kazurou147.biz\/vi\/wp-content\/themes\/nano_tcd065-child\/img\/thum01-support.jpg' alt='Overseas expantion support'>\n      <\/p>\n<p class=\"c-cpa-list02__text\">H\u1ed7 tr\u1ee3 \u0111\u1ea7u t\u01b0 v\u00e0o Vi\u1ec7t Nam<\/p>\n<p>    <\/a>\n  <\/div>\n<div class=\"c-cpa-list02__item\">\n    <a class=\"c-cpa-list02__link\" href=\"https:\/\/www.hyperion-tokyo.co.jp\/contact\/\" target=\"_blank\"><\/p>\n<p class=\"c-cpa-list02__img\">\n        <img src='https:\/\/hyperion-tokyo.test-kazurou147.biz\/vi\/wp-content\/themes\/nano_tcd065-child\/img\/thum01-contact.jpg' alt='Contact'>\n      <\/p>\n<p class=\"c-cpa-list02__text\">Ti\u1ebfp x\u00fac<\/p>\n<p>    <\/a>\n  <\/div>\n<\/div>\n","protected":false},"excerpt":{"rendered":"Renewable energy N\u0103ng l\u01b0\u1ee3ng t\u00e1i t\u1ea1o Nh\u00e2n lo\u1ea1i v\u00e0 N\u0103ng l\u01b0\u1ee3ng: Qu\u00e1 kh\u1ee9 v\u00e0 T\u01b0\u01a1ng lai M\u1ed1i quan h\u1ec7 gi\u1eefa con ng\u01b0\u1eddi v\u00e0 n\u0103ng l\u01b0\u1ee3ng \u0111\u01b0\u1ee3c cho l\u00e0 b\u1eaft \u0111\u1ea7u t\u1eeb kho\u1ea3ng 500.000 n\u0103m tr\u01b0\u1edbc khi con ng\u01b0\u1eddi b\u1eaft \u0111\u1ea7u s\u1eed d\u1ee5ng l\u1eeda b\u1eb1ng c\u1ee7i, v.v\u2026 Sau \u0111\u00f3, nh\u00e2n lo\u1ea1i b\u01b0\u1edbc v\u00e0o cu\u1ed9c c\u00e1ch m\u1ea1ng c\u00f4ng nghi\u1ec7p th\u1ebf k\u1ef7 18 v\u1edbi vi\u1ec7c s\u1eed d\u1ee5ng r\u1ed9ng r\u00e3i \u0111\u1ed9ng c\u01a1 h\u01a1i n\u01b0\u1edbc v\u1edbi ngu\u1ed3n n\u0103ng l\u01b0\u1ee3ng l\u00e0 than, v\u00e0 trong th\u1ebf k\u1ef7 21 hi\u1ec7n nay, vi\u1ec7c s\u1eed d\u1ee5ng n\u0103ng l\u01b0\u1ee3ng t\u1eeb n\u0103ng l\u01b0\u1ee3ng h\u1ea1t nh\u00e2n v\u00e0 d\u1ea7u m\u1ecf \u0111\u00e3 tr\u1edf n\u00ean ph\u1ed5...","protected":false},"author":3,"featured_media":0,"parent":0,"menu_order":10,"comment_status":"closed","ping_status":"closed","template":"","meta":{"footnotes":""},"class_list":["post-167","page","type-page","status-publish","hentry"],"aioseo_notices":[],"_links":{"self":[{"href":"https:\/\/hyperion-tokyo.test-kazurou147.biz\/vi\/wp-json\/wp\/v2\/pages\/167","targetHints":{"allow":["GET"]}}],"collection":[{"href":"https:\/\/hyperion-tokyo.test-kazurou147.biz\/vi\/wp-json\/wp\/v2\/pages"}],"about":[{"href":"https:\/\/hyperion-tokyo.test-kazurou147.biz\/vi\/wp-json\/wp\/v2\/types\/page"}],"author":[{"embeddable":true,"href":"https:\/\/hyperion-tokyo.test-kazurou147.biz\/vi\/wp-json\/wp\/v2\/users\/3"}],"replies":[{"embeddable":true,"href":"https:\/\/hyperion-tokyo.test-kazurou147.biz\/vi\/wp-json\/wp\/v2\/comments?post=167"}],"version-history":[{"count":61,"href":"https:\/\/hyperion-tokyo.test-kazurou147.biz\/vi\/wp-json\/wp\/v2\/pages\/167\/revisions"}],"predecessor-version":[{"id":1962,"href":"https:\/\/hyperion-tokyo.test-kazurou147.biz\/vi\/wp-json\/wp\/v2\/pages\/167\/revisions\/1962"}],"wp:attachment":[{"href":"https:\/\/hyperion-tokyo.test-kazurou147.biz\/vi\/wp-json\/wp\/v2\/media?parent=167"}],"curies":[{"name":"wp","href":"https:\/\/api.w.org\/{rel}","templated":true}]}}